{"id":309,"date":"2024-04-05T21:30:25","date_gmt":"2024-04-05T19:30:25","guid":{"rendered":"https:\/\/ipelc.gob.bo\/?page_id=309"},"modified":"2025-12-13T01:36:43","modified_gmt":"2025-12-13T05:36:43","slug":"declaracion-de-la-mision-vision-valores-y-principios-de-la-entidad","status":"publish","type":"page","link":"https:\/\/ipelc.gob.bo\/index.php\/declaracion-de-la-mision-vision-valores-y-principios-de-la-entidad\/","title":{"rendered":"Misi\u00f3n, Visi\u00f3n, Valores y Principios"},"content":{"rendered":"\n\n<h2 class=\"wp-block-heading\">Misi\u00f3n<\/h2>\n\n\n<p>Investigar, promover, normalizar, revitalizar y difundir las lenguas y culturas de las naciones y pueblos ind\u00edgena originario campesinos, as\u00ed como las expresiones culturales afrobolivianas, con la participaci\u00f3n directa de las comunidades hablantes. Coordinar acciones y procesos de investigaci\u00f3n ling\u00fc\u00edsticos y culturales para su recuperaci\u00f3n, revitalizaci\u00f3n y desarrollo en el marco del Estado Plurinacional de Bolivia.<\/p>\n\n\n\n<h2 class=\"wp-block-heading\">Visi\u00f3n<\/h2>\n\n\n<p>Ser la instituci\u00f3n de referencia nacional e internacional para la garant\u00eda de la dignidad ling\u00fc\u00edstica y cultural, promoviendo la diversidad como base para el Vivir Bien e impulsando la plena vigencia de las lenguas originarias en todos los \u00e1mbitos de la vida del Estado Plurinacional.<\/p>\n\n\n\n<h2 class=\"wp-block-heading\">Principios y Valores<\/h2>\n\n\n<ul class=\"wp-block-list\">\n<li><strong>Interculturalidad:<\/strong> Interacci\u00f3n entre culturas de forma respetuosa.<\/li>\n<li><strong>Intraculturalidad:<\/strong> Fortalecimiento de la identidad cultural propia.<\/li>\n<li><strong>Pluriling\u00fcismo:<\/strong> Reconocimiento y uso de las m\u00faltiples lenguas.<\/li>\n<li><strong>Descolonizaci\u00f3n:<\/strong> Recuperaci\u00f3n de saberes y conocimientos ancestrales.<\/li>\n<li><strong>Complementariedad:<\/strong> Trabajo conjunto y arm\u00f3nico.<\/li>\n<\/ul>\n","protected":false},"excerpt":{"rendered":"<p>Misi\u00f3n Investigar, promover, normalizar, revitalizar y difundir las lenguas y culturas de las naciones y pueblos ind\u00edgena originario campesinos, as\u00ed como las expresiones culturales afrobolivianas, con la participaci\u00f3n directa de las comunidades hablantes. Coordinar acciones y procesos de investigaci\u00f3n ling\u00fc\u00edsticos y culturales para su recuperaci\u00f3n, revitalizaci\u00f3n y desarrollo en el marco del Estado Plurinacional de [&hellip;]<\/p>\n","protected":false},"author":1,"featured_media":0,"parent":0,"menu_order":0,"comment_status":"closed","ping_status":"closed","template":"","meta":{"_acf_changed":false,"footnotes":""},"class_list":["post-309","page","type-page","status-publish","hentry"],"acf":[],"_links":{"self":[{"href":"https:\/\/ipelc.gob.bo\/index.php\/wp-json\/wp\/v2\/pages\/309","targetHints":{"allow":["GET"]}}],"collection":[{"href":"https:\/\/ipelc.gob.bo\/index.php\/wp-json\/wp\/v2\/pages"}],"about":[{"href":"https:\/\/ipelc.gob.bo\/index.php\/wp-json\/wp\/v2\/types\/page"}],"author":[{"embeddable":true,"href":"https:\/\/ipelc.gob.bo\/index.php\/wp-json\/wp\/v2\/users\/1"}],"replies":[{"embeddable":true,"href":"https:\/\/ipelc.gob.bo\/index.php\/wp-json\/wp\/v2\/comments?post=309"}],"version-history":[{"count":17,"href":"https:\/\/ipelc.gob.bo\/index.php\/wp-json\/wp\/v2\/pages\/309\/revisions"}],"predecessor-version":[{"id":17446,"href":"https:\/\/ipelc.gob.bo\/index.php\/wp-json\/wp\/v2\/pages\/309\/revisions\/17446"}],"wp:attachment":[{"href":"https:\/\/ipelc.gob.bo\/index.php\/wp-json\/wp\/v2\/media?parent=309"}],"curies":[{"name":"wp","href":"https:\/\/api.w.org\/{rel}","templated":true}]}}