{"id":328,"date":"2024-04-05T21:30:59","date_gmt":"2024-04-05T19:30:59","guid":{"rendered":"https:\/\/ipelc.gob.bo\/?page_id=328"},"modified":"2025-12-13T01:36:43","modified_gmt":"2025-12-13T05:36:43","slug":"descripcion-de-los-objetivos-y-funciones-principales-de-la-entidad-2","status":"publish","type":"page","link":"https:\/\/ipelc.gob.bo\/index.php\/descripcion-de-los-objetivos-y-funciones-principales-de-la-entidad-2\/","title":{"rendered":"Objetivos Institucionales"},"content":{"rendered":"\n\n<ul class=\"wp-block-list\">\n<li>Promover y garantizar la ense\u00f1anza, investigaci\u00f3n, recuperaci\u00f3n, revitalizaci\u00f3n y certificaci\u00f3n de las lenguas originarias de Bolivia.<\/li>\n<li>Establecer est\u00e1ndares t\u00e9cnicos-pedag\u00f3gicos y legales para los procesos de formaci\u00f3n, evaluaci\u00f3n y certificaci\u00f3n ling\u00fc\u00edstica.<\/li>\n<li>Fomentar la formaci\u00f3n de recursos humanos capacitados en lenguas y culturas originarias.<\/li>\n<li>Impulsar pol\u00edticas de difusi\u00f3n, sensibilizaci\u00f3n y visibilizaci\u00f3n de las lenguas y culturas ind\u00edgena originario campesinas y afrobolivianas.<\/li>\n<li>Asegurar la integraci\u00f3n de la diversidad ling\u00fc\u00edstica en los sistemas educativos p\u00fablicos y en los servicios del Estado.<\/li>\n<\/ul>\n","protected":false},"excerpt":{"rendered":"<p>Promover y garantizar la ense\u00f1anza, investigaci\u00f3n, recuperaci\u00f3n, revitalizaci\u00f3n y certificaci\u00f3n de las lenguas originarias de Bolivia. Establecer est\u00e1ndares t\u00e9cnicos-pedag\u00f3gicos y legales para los procesos de formaci\u00f3n, evaluaci\u00f3n y certificaci\u00f3n ling\u00fc\u00edstica. Fomentar la formaci\u00f3n de recursos humanos capacitados en lenguas y culturas originarias. Impulsar pol\u00edticas de difusi\u00f3n, sensibilizaci\u00f3n y visibilizaci\u00f3n de las lenguas y culturas ind\u00edgena [&hellip;]<\/p>\n","protected":false},"author":1,"featured_media":0,"parent":0,"menu_order":0,"comment_status":"closed","ping_status":"closed","template":"","meta":{"_acf_changed":false,"footnotes":""},"class_list":["post-328","page","type-page","status-publish","hentry"],"acf":[],"_links":{"self":[{"href":"https:\/\/ipelc.gob.bo\/index.php\/wp-json\/wp\/v2\/pages\/328","targetHints":{"allow":["GET"]}}],"collection":[{"href":"https:\/\/ipelc.gob.bo\/index.php\/wp-json\/wp\/v2\/pages"}],"about":[{"href":"https:\/\/ipelc.gob.bo\/index.php\/wp-json\/wp\/v2\/types\/page"}],"author":[{"embeddable":true,"href":"https:\/\/ipelc.gob.bo\/index.php\/wp-json\/wp\/v2\/users\/1"}],"replies":[{"embeddable":true,"href":"https:\/\/ipelc.gob.bo\/index.php\/wp-json\/wp\/v2\/comments?post=328"}],"version-history":[{"count":14,"href":"https:\/\/ipelc.gob.bo\/index.php\/wp-json\/wp\/v2\/pages\/328\/revisions"}],"predecessor-version":[{"id":17447,"href":"https:\/\/ipelc.gob.bo\/index.php\/wp-json\/wp\/v2\/pages\/328\/revisions\/17447"}],"wp:attachment":[{"href":"https:\/\/ipelc.gob.bo\/index.php\/wp-json\/wp\/v2\/media?parent=328"}],"curies":[{"name":"wp","href":"https:\/\/api.w.org\/{rel}","templated":true}]}}